{"id":389,"date":"2017-05-10T23:38:56","date_gmt":"2017-05-10T23:38:56","guid":{"rendered":"https:\/\/activi-t.unittechnologies.com\/?page_id=389"},"modified":"2017-06-08T00:56:10","modified_gmt":"2017-06-08T00:56:10","slug":"facturation-par-projet-de-facture","status":"publish","type":"page","link":"https:\/\/activi-t.unittechnologies.com\/fr\/facturation-par-projet-de-facture","title":{"rendered":"Facturation par projet de facture"},"content":{"rendered":"[vc_row type=\u00a0\u00bbin_container\u00a0\u00bb full_screen_row_position=\u00a0\u00bbmiddle\u00a0\u00bb scene_position=\u00a0\u00bbcenter\u00a0\u00bb text_color=\u00a0\u00bbdark\u00a0\u00bb text_align=\u00a0\u00bbleft\u00a0\u00bb overlay_strength=\u00a0\u00bb0.3&Prime;][vc_column column_padding=\u00a0\u00bbno-extra-padding\u00a0\u00bb column_padding_position=\u00a0\u00bball\u00a0\u00bb background_color_opacity=\u00a0\u00bb1&Prime; background_hover_color_opacity=\u00a0\u00bb1&Prime; column_shadow=\u00a0\u00bbnone\u00a0\u00bb width=\u00a0\u00bb1\/1&Prime; tablet_text_alignment=\u00a0\u00bbdefault\u00a0\u00bb phone_text_alignment=\u00a0\u00bbdefault\u00a0\u00bb column_border_width=\u00a0\u00bbnone\u00a0\u00bb column_border_style=\u00a0\u00bbsolid\u00a0\u00bb][vc_column_text]\n<h1 style=\"text-align: left;\"><span style=\"color: #1384a1;\">Facturation par projet de facture<\/span><\/h1>\n[\/vc_column_text]<div class=\"divider-wrap\"><div style=\"height: 20px;\" class=\"divider\"><\/div><\/div><div class=\"img-with-aniamtion-wrap \" data-max-width=\"100%\"><div class=\"inner\"><img loading=\"lazy\" decoding=\"async\" data-shadow=\"none\" data-shadow-direction=\"middle\" class=\"img-with-animation \" data-delay=\"0\" height=\"558\" width=\"797\" data-animation=\"fade-in\" src=\"https:\/\/activi-t.unittechnologies.com\/wp-content\/uploads\/2017\/05\/facturation-par-projet-de-facture.bmp\" srcset=\"\" alt=\"\" \/><\/div><\/div><div class=\"divider-wrap\"><div style=\"height: 20px;\" class=\"divider\"><\/div><\/div>[vc_column_text]\n<ul>\n<li>Projet de facture modifiable en tout temps<\/li>\n<li>Retrait d&rsquo;un projet d\u00e9j\u00e0 cr\u00e9\u00e9 avec retour automatique des travaux en cours<\/li>\n<li>Transfert et retrait du temps et des d\u00e9penses d&rsquo;un simple clic<\/li>\n<li>Impression des projets de facture pour validation et approbation<\/li>\n<li>Modification du total facturable (sous-facturation ou sur-facturation)<\/li>\n<li>Facturation forfaitaire en conservant le temps r\u00e9el travaill\u00e9<\/li>\n<li>Description unique au lieu du d\u00e9tail des travaux<\/li>\n<li>Facturation en lot des projets de facture<\/li>\n<\/ul>\n[\/vc_column_text][\/vc_column][\/vc_row][vc_row type=\u00a0\u00bbin_container\u00a0\u00bb full_screen_row_position=\u00a0\u00bbmiddle\u00a0\u00bb scene_position=\u00a0\u00bbcenter\u00a0\u00bb text_color=\u00a0\u00bbdark\u00a0\u00bb text_align=\u00a0\u00bbleft\u00a0\u00bb overlay_strength=\u00a0\u00bb0.3&Prime;][vc_column column_padding=\u00a0\u00bbno-extra-padding\u00a0\u00bb column_padding_position=\u00a0\u00bball\u00a0\u00bb background_color_opacity=\u00a0\u00bb1&Prime; background_hover_color_opacity=\u00a0\u00bb1&Prime; column_shadow=\u00a0\u00bbnone\u00a0\u00bb width=\u00a0\u00bb1\/1&Prime; tablet_text_alignment=\u00a0\u00bbdefault\u00a0\u00bb phone_text_alignment=\u00a0\u00bbdefault\u00a0\u00bb column_border_width=\u00a0\u00bbnone\u00a0\u00bb column_border_style=\u00a0\u00bbsolid\u00a0\u00bb][nectar_btn size=\u00a0\u00bbmedium\u00a0\u00bb button_style=\u00a0\u00bbregular\u00a0\u00bb button_color_2=\u00a0\u00bbAccent-Color\u00a0\u00bb icon_family=\u00a0\u00bbnone\u00a0\u00bb url=\u00a0\u00bbhttps:\/\/activi-t.unittechnologies.com\/fr\/caracteristiques\u00a0\u00bb text=\u00a0\u00bbRETOUR AUX CARACT\u00c9RISTIQUES\u00a0\u00bb][\/vc_column][\/vc_row]\n","protected":false},"excerpt":{"rendered":"<p>[vc_row type=\u00a0\u00bbin_container\u00a0\u00bb full_screen_row_position=\u00a0\u00bbmiddle\u00a0\u00bb scene_position=\u00a0\u00bbcenter\u00a0\u00bb text_color=\u00a0\u00bbdark\u00a0\u00bb text_align=\u00a0\u00bbleft\u00a0\u00bb overlay_strength=\u00a0\u00bb0.3&Prime;][vc_column column_padding=\u00a0\u00bbno-extra-padding\u00a0\u00bb column_padding_position=\u00a0\u00bball\u00a0\u00bb background_color_opacity=\u00a0\u00bb1&Prime; background_hover_color_opacity=\u00a0\u00bb1&Prime; column_shadow=\u00a0\u00bbnone\u00a0\u00bb width=\u00a0\u00bb1\/1&Prime; tablet_text_alignment=\u00a0\u00bbdefault\u00a0\u00bb phone_text_alignment=\u00a0\u00bbdefault\u00a0\u00bb column_border_width=\u00a0\u00bbnone\u00a0\u00bb column_border_style=\u00a0\u00bbsolid\u00a0\u00bb][vc_column_text] Facturation par projet de facture [\/vc_column_text][vc_column_text] Projet de facture modifiable en tout temps&#8230;<\/p>\n","protected":false},"author":1,"featured_media":0,"parent":0,"menu_order":0,"comment_status":"closed","ping_status":"closed","template":"","meta":{"footnotes":""},"class_list":["post-389","page","type-page","status-publish","hentry"],"yoast_head":"<!-- This site is optimized with the Yoast SEO plugin v19.5.1 - https:\/\/yoast.com\/wordpress\/plugins\/seo\/ -->\n<title>Facturation par projet de facture | ACTIVI-T<\/title>\n<meta name=\"description\" content=\"ACTIVI-T est le logiciel de gestion id\u00e9al pour le suivi de vos travaux, votre facturation et le suivi de vos comptes recevables.\" \/>\n<meta name=\"robots\" content=\"index, follow, max-snippet:-1, max-image-preview:large, max-video-preview:-1\" \/>\n<link rel=\"canonical\" href=\"https:\/\/activi-t.unittechnologies.com\/fr\/facturation-par-projet-de-facture\" \/>\n<meta property=\"og:locale\" content=\"fr_FR\" \/>\n<meta property=\"og:type\" content=\"article\" \/>\n<meta property=\"og:title\" content=\"Facturation par projet de facture | ACTIVI-T\" \/>\n<meta property=\"og:description\" content=\"ACTIVI-T est le logiciel de gestion id\u00e9al pour le suivi de vos travaux, votre facturation et le suivi de vos comptes recevables.\" \/>\n<meta property=\"og:url\" content=\"https:\/\/activi-t.unittechnologies.com\/fr\/facturation-par-projet-de-facture\" \/>\n<meta property=\"og:site_name\" content=\"ACTIVI-T\" \/>\n<meta property=\"article:modified_time\" content=\"2017-06-08T00:56:10+00:00\" \/>\n<meta property=\"og:image\" content=\"https:\/\/activi-t.unittechnologies.com\/wp-content\/uploads\/2017\/04\/ACTIVI-T_LOGO.png\" \/>\n\t<meta property=\"og:image:width\" content=\"849\" \/>\n\t<meta property=\"og:image:height\" content=\"256\" \/>\n\t<meta property=\"og:image:type\" content=\"image\/png\" \/>\n<meta name=\"twitter:card\" content=\"summary_large_image\" \/>\n<meta name=\"twitter:label1\" content=\"Dur\u00e9e de lecture estim\u00e9e\" \/>\n\t<meta name=\"twitter:data1\" content=\"1 minute\" \/>\n<script type=\"application\/ld+json\" class=\"yoast-schema-graph\">{\"@context\":\"https:\/\/schema.org\",\"@graph\":[{\"@type\":\"WebPage\",\"@id\":\"https:\/\/activi-t.unittechnologies.com\/fr\/facturation-par-projet-de-facture\",\"url\":\"https:\/\/activi-t.unittechnologies.com\/fr\/facturation-par-projet-de-facture\",\"name\":\"Facturation par projet de facture | ACTIVI-T\",\"isPartOf\":{\"@id\":\"https:\/\/activi-t.unittechnologies.com\/#website\"},\"datePublished\":\"2017-05-10T23:38:56+00:00\",\"dateModified\":\"2017-06-08T00:56:10+00:00\",\"description\":\"ACTIVI-T est le logiciel de gestion id\u00e9al pour le suivi de vos travaux, votre facturation et le suivi de vos comptes recevables.\",\"breadcrumb\":{\"@id\":\"https:\/\/activi-t.unittechnologies.com\/fr\/facturation-par-projet-de-facture#breadcrumb\"},\"inLanguage\":\"fr-FR\",\"potentialAction\":[{\"@type\":\"ReadAction\",\"target\":[\"https:\/\/activi-t.unittechnologies.com\/fr\/facturation-par-projet-de-facture\"]}]},{\"@type\":\"BreadcrumbList\",\"@id\":\"https:\/\/activi-t.unittechnologies.com\/fr\/facturation-par-projet-de-facture#breadcrumb\",\"itemListElement\":[{\"@type\":\"ListItem\",\"position\":1,\"name\":\"Accueil\",\"item\":\"https:\/\/activi-t.unittechnologies.com\/fr\"},{\"@type\":\"ListItem\",\"position\":2,\"name\":\"Facturation par projet de facture\"}]},{\"@type\":\"WebSite\",\"@id\":\"https:\/\/activi-t.unittechnologies.com\/#website\",\"url\":\"https:\/\/activi-t.unittechnologies.com\/\",\"name\":\"ACTIVI-T\",\"description\":\"\",\"publisher\":{\"@id\":\"https:\/\/activi-t.unittechnologies.com\/#organization\"},\"potentialAction\":[{\"@type\":\"SearchAction\",\"target\":{\"@type\":\"EntryPoint\",\"urlTemplate\":\"https:\/\/activi-t.unittechnologies.com\/?s={search_term_string}\"},\"query-input\":\"required name=search_term_string\"}],\"inLanguage\":\"fr-FR\"},{\"@type\":\"Organization\",\"@id\":\"https:\/\/activi-t.unittechnologies.com\/#organization\",\"name\":\"ACTIVI-T\",\"url\":\"https:\/\/activi-t.unittechnologies.com\/\",\"sameAs\":[],\"logo\":{\"@type\":\"ImageObject\",\"inLanguage\":\"fr-FR\",\"@id\":\"https:\/\/activi-t.unittechnologies.com\/#\/schema\/logo\/image\/\",\"url\":\"https:\/\/activi-t.unittechnologies.com\/wp-content\/uploads\/2017\/04\/ACTIVI-T_LOGO-3.png\",\"contentUrl\":\"https:\/\/activi-t.unittechnologies.com\/wp-content\/uploads\/2017\/04\/ACTIVI-T_LOGO-3.png\",\"width\":849,\"height\":177,\"caption\":\"ACTIVI-T\"},\"image\":{\"@id\":\"https:\/\/activi-t.unittechnologies.com\/#\/schema\/logo\/image\/\"}}]}<\/script>\n<!-- \/ Yoast SEO plugin. -->","yoast_head_json":{"title":"Facturation par projet de facture | ACTIVI-T","description":"ACTIVI-T est le logiciel de gestion id\u00e9al pour le suivi de vos travaux, votre facturation et le suivi de vos comptes recevables.","robots":{"index":"index","follow":"follow","max-snippet":"max-snippet:-1","max-image-preview":"max-image-preview:large","max-video-preview":"max-video-preview:-1"},"canonical":"https:\/\/activi-t.unittechnologies.com\/fr\/facturation-par-projet-de-facture","og_locale":"fr_FR","og_type":"article","og_title":"Facturation par projet de facture | ACTIVI-T","og_description":"ACTIVI-T est le logiciel de gestion id\u00e9al pour le suivi de vos travaux, votre facturation et le suivi de vos comptes recevables.","og_url":"https:\/\/activi-t.unittechnologies.com\/fr\/facturation-par-projet-de-facture","og_site_name":"ACTIVI-T","article_modified_time":"2017-06-08T00:56:10+00:00","og_image":[{"width":849,"height":256,"url":"https:\/\/activi-t.unittechnologies.com\/wp-content\/uploads\/2017\/04\/ACTIVI-T_LOGO.png","type":"image\/png"}],"twitter_card":"summary_large_image","twitter_misc":{"Dur\u00e9e de lecture estim\u00e9e":"1 minute"},"schema":{"@context":"https:\/\/schema.org","@graph":[{"@type":"WebPage","@id":"https:\/\/activi-t.unittechnologies.com\/fr\/facturation-par-projet-de-facture","url":"https:\/\/activi-t.unittechnologies.com\/fr\/facturation-par-projet-de-facture","name":"Facturation par projet de facture | ACTIVI-T","isPartOf":{"@id":"https:\/\/activi-t.unittechnologies.com\/#website"},"datePublished":"2017-05-10T23:38:56+00:00","dateModified":"2017-06-08T00:56:10+00:00","description":"ACTIVI-T est le logiciel de gestion id\u00e9al pour le suivi de vos travaux, votre facturation et le suivi de vos comptes recevables.","breadcrumb":{"@id":"https:\/\/activi-t.unittechnologies.com\/fr\/facturation-par-projet-de-facture#breadcrumb"},"inLanguage":"fr-FR","potentialAction":[{"@type":"ReadAction","target":["https:\/\/activi-t.unittechnologies.com\/fr\/facturation-par-projet-de-facture"]}]},{"@type":"BreadcrumbList","@id":"https:\/\/activi-t.unittechnologies.com\/fr\/facturation-par-projet-de-facture#breadcrumb","itemListElement":[{"@type":"ListItem","position":1,"name":"Accueil","item":"https:\/\/activi-t.unittechnologies.com\/fr"},{"@type":"ListItem","position":2,"name":"Facturation par projet de facture"}]},{"@type":"WebSite","@id":"https:\/\/activi-t.unittechnologies.com\/#website","url":"https:\/\/activi-t.unittechnologies.com\/","name":"ACTIVI-T","description":"","publisher":{"@id":"https:\/\/activi-t.unittechnologies.com\/#organization"},"potentialAction":[{"@type":"SearchAction","target":{"@type":"EntryPoint","urlTemplate":"https:\/\/activi-t.unittechnologies.com\/?s={search_term_string}"},"query-input":"required name=search_term_string"}],"inLanguage":"fr-FR"},{"@type":"Organization","@id":"https:\/\/activi-t.unittechnologies.com\/#organization","name":"ACTIVI-T","url":"https:\/\/activi-t.unittechnologies.com\/","sameAs":[],"logo":{"@type":"ImageObject","inLanguage":"fr-FR","@id":"https:\/\/activi-t.unittechnologies.com\/#\/schema\/logo\/image\/","url":"https:\/\/activi-t.unittechnologies.com\/wp-content\/uploads\/2017\/04\/ACTIVI-T_LOGO-3.png","contentUrl":"https:\/\/activi-t.unittechnologies.com\/wp-content\/uploads\/2017\/04\/ACTIVI-T_LOGO-3.png","width":849,"height":177,"caption":"ACTIVI-T"},"image":{"@id":"https:\/\/activi-t.unittechnologies.com\/#\/schema\/logo\/image\/"}}]}},"_links":{"self":[{"href":"https:\/\/activi-t.unittechnologies.com\/fr\/wp-json\/wp\/v2\/pages\/389","targetHints":{"allow":["GET"]}}],"collection":[{"href":"https:\/\/activi-t.unittechnologies.com\/fr\/wp-json\/wp\/v2\/pages"}],"about":[{"href":"https:\/\/activi-t.unittechnologies.com\/fr\/wp-json\/wp\/v2\/types\/page"}],"author":[{"embeddable":true,"href":"https:\/\/activi-t.unittechnologies.com\/fr\/wp-json\/wp\/v2\/users\/1"}],"replies":[{"embeddable":true,"href":"https:\/\/activi-t.unittechnologies.com\/fr\/wp-json\/wp\/v2\/comments?post=389"}],"version-history":[{"count":9,"href":"https:\/\/activi-t.unittechnologies.com\/fr\/wp-json\/wp\/v2\/pages\/389\/revisions"}],"predecessor-version":[{"id":505,"href":"https:\/\/activi-t.unittechnologies.com\/fr\/wp-json\/wp\/v2\/pages\/389\/revisions\/505"}],"wp:attachment":[{"href":"https:\/\/activi-t.unittechnologies.com\/fr\/wp-json\/wp\/v2\/media?parent=389"}],"curies":[{"name":"wp","href":"https:\/\/api.w.org\/{rel}","templated":true}]}}