{"id":378,"date":"2017-05-10T23:11:13","date_gmt":"2017-05-10T23:11:13","guid":{"rendered":"https:\/\/activi-t.unittechnologies.com\/?page_id=378"},"modified":"2021-07-15T18:22:15","modified_gmt":"2021-07-15T18:22:15","slug":"gestion-des-comptes-de-depenses-demployes","status":"publish","type":"page","link":"https:\/\/activi-t.unittechnologies.com\/fr\/gestion-des-comptes-de-depenses-demployes","title":{"rendered":"Gestion des comptes de d\u00e9penses d\u2019employ\u00e9s"},"content":{"rendered":"[vc_row type=\u00a0\u00bbin_container\u00a0\u00bb full_screen_row_position=\u00a0\u00bbmiddle\u00a0\u00bb scene_position=\u00a0\u00bbcenter\u00a0\u00bb text_color=\u00a0\u00bbdark\u00a0\u00bb text_align=\u00a0\u00bbleft\u00a0\u00bb overlay_strength=\u00a0\u00bb0.3&Prime;][vc_column column_padding=\u00a0\u00bbno-extra-padding\u00a0\u00bb column_padding_position=\u00a0\u00bball\u00a0\u00bb background_color_opacity=\u00a0\u00bb1&Prime; background_hover_color_opacity=\u00a0\u00bb1&Prime; column_shadow=\u00a0\u00bbnone\u00a0\u00bb width=\u00a0\u00bb1\/1&Prime; tablet_text_alignment=\u00a0\u00bbdefault\u00a0\u00bb phone_text_alignment=\u00a0\u00bbdefault\u00a0\u00bb column_border_width=\u00a0\u00bbnone\u00a0\u00bb column_border_style=\u00a0\u00bbsolid\u00a0\u00bb][vc_column_text]\n<h1 style=\"text-align: left;\"><span style=\"color: #1384a1;\">Gestion des comptes de d\u00e9penses d\u2019employ\u00e9s<\/span><\/h1>\n[\/vc_column_text]<div class=\"divider-wrap\"><div style=\"height: 20px;\" class=\"divider\"><\/div><\/div><div class=\"img-with-aniamtion-wrap \" data-max-width=\"100%\"><div class=\"inner\"><img loading=\"lazy\" decoding=\"async\" data-shadow=\"none\" data-shadow-direction=\"middle\" class=\"img-with-animation \" data-delay=\"0\" height=\"862\" width=\"801\" data-animation=\"fade-in\" src=\"https:\/\/activi-t.unittechnologies.com\/wp-content\/uploads\/2021\/07\/CompteDep-1.bmp\" srcset=\"\" alt=\"\" \/><\/div><\/div><div class=\"divider-wrap\"><div style=\"height: 20px;\" class=\"divider\"><\/div><\/div>[vc_column_text]\n<ul>\n<li>Les employ\u00e9s peuvent saisir et consulter leur compte de d\u00e9penses dans un seul \u00e9cran<\/li>\n<li>Association d&rsquo;une image pour chaque d\u00e9pense (ex.: photos de factures)<\/li>\n<li>Les superviseurs approuvent les comptes de d\u00e9penses dans le m\u00eame \u00e9cran<\/li>\n<li>Les employ\u00e9s peuvent voir le statut des d\u00e9penses entr\u00e9es en tout temps<\/li>\n<li>Les taxes de ventes sont calcul\u00e9es automatiquement lors de la saisie<\/li>\n<li>Plusieurs rapports sont disponibles pour l&rsquo;analyse des comptes de d\u00e9penses<\/li>\n<li>Les d\u00e9penses approuv\u00e9es pourront \u00eatre transf\u00e9r\u00e9es directement au logiciel comptable<\/li>\n<\/ul>\n[\/vc_column_text][\/vc_column][\/vc_row][vc_row type=\u00a0\u00bbin_container\u00a0\u00bb full_screen_row_position=\u00a0\u00bbmiddle\u00a0\u00bb scene_position=\u00a0\u00bbcenter\u00a0\u00bb text_color=\u00a0\u00bbdark\u00a0\u00bb text_align=\u00a0\u00bbleft\u00a0\u00bb overlay_strength=\u00a0\u00bb0.3&Prime;][vc_column column_padding=\u00a0\u00bbno-extra-padding\u00a0\u00bb column_padding_position=\u00a0\u00bball\u00a0\u00bb background_color_opacity=\u00a0\u00bb1&Prime; background_hover_color_opacity=\u00a0\u00bb1&Prime; column_shadow=\u00a0\u00bbnone\u00a0\u00bb width=\u00a0\u00bb1\/1&Prime; tablet_text_alignment=\u00a0\u00bbdefault\u00a0\u00bb phone_text_alignment=\u00a0\u00bbdefault\u00a0\u00bb column_border_width=\u00a0\u00bbnone\u00a0\u00bb column_border_style=\u00a0\u00bbsolid\u00a0\u00bb][nectar_btn size=\u00a0\u00bbmedium\u00a0\u00bb button_style=\u00a0\u00bbregular\u00a0\u00bb button_color_2=\u00a0\u00bbAccent-Color\u00a0\u00bb icon_family=\u00a0\u00bbnone\u00a0\u00bb url=\u00a0\u00bbhttps:\/\/activi-t.unittechnologies.com\/fr\/caracteristiques\u00a0\u00bb text=\u00a0\u00bbRETOUR AUX CARACT\u00c9RISTIQUES\u00a0\u00bb][\/vc_column][\/vc_row]\n","protected":false},"excerpt":{"rendered":"<p>[vc_row type=\u00a0\u00bbin_container\u00a0\u00bb full_screen_row_position=\u00a0\u00bbmiddle\u00a0\u00bb scene_position=\u00a0\u00bbcenter\u00a0\u00bb text_color=\u00a0\u00bbdark\u00a0\u00bb text_align=\u00a0\u00bbleft\u00a0\u00bb overlay_strength=\u00a0\u00bb0.3&Prime;][vc_column column_padding=\u00a0\u00bbno-extra-padding\u00a0\u00bb column_padding_position=\u00a0\u00bball\u00a0\u00bb background_color_opacity=\u00a0\u00bb1&Prime; background_hover_color_opacity=\u00a0\u00bb1&Prime; column_shadow=\u00a0\u00bbnone\u00a0\u00bb width=\u00a0\u00bb1\/1&Prime; tablet_text_alignment=\u00a0\u00bbdefault\u00a0\u00bb phone_text_alignment=\u00a0\u00bbdefault\u00a0\u00bb column_border_width=\u00a0\u00bbnone\u00a0\u00bb column_border_style=\u00a0\u00bbsolid\u00a0\u00bb][vc_column_text] Gestion des comptes de d\u00e9penses d\u2019employ\u00e9s [\/vc_column_text][vc_column_text] Les employ\u00e9s peuvent saisir et consulter&#8230;<\/p>\n","protected":false},"author":1,"featured_media":0,"parent":0,"menu_order":0,"comment_status":"closed","ping_status":"closed","template":"","meta":{"footnotes":""},"class_list":["post-378","page","type-page","status-publish","hentry"],"yoast_head":"<!-- This site is optimized with the Yoast SEO plugin v19.5.1 - https:\/\/yoast.com\/wordpress\/plugins\/seo\/ -->\n<title>Gestion des comptes de d\u00e9penses d\u2019employ\u00e9s | ACTIVI-T<\/title>\n<meta name=\"description\" content=\"ACTIVI-T est le logiciel de gestion id\u00e9al pour le suivi de vos travaux, votre facturation et le suivi de vos comptes recevables.\" \/>\n<meta name=\"robots\" content=\"index, follow, max-snippet:-1, max-image-preview:large, max-video-preview:-1\" \/>\n<link rel=\"canonical\" href=\"https:\/\/activi-t.unittechnologies.com\/fr\/gestion-des-comptes-de-depenses-demployes\" \/>\n<meta property=\"og:locale\" content=\"fr_FR\" \/>\n<meta property=\"og:type\" content=\"article\" \/>\n<meta property=\"og:title\" content=\"Gestion des comptes de d\u00e9penses d\u2019employ\u00e9s | ACTIVI-T\" \/>\n<meta property=\"og:description\" content=\"ACTIVI-T est le logiciel de gestion id\u00e9al pour le suivi de vos travaux, votre facturation et le suivi de vos comptes recevables.\" \/>\n<meta property=\"og:url\" content=\"https:\/\/activi-t.unittechnologies.com\/fr\/gestion-des-comptes-de-depenses-demployes\" \/>\n<meta property=\"og:site_name\" content=\"ACTIVI-T\" \/>\n<meta property=\"article:modified_time\" content=\"2021-07-15T18:22:15+00:00\" \/>\n<meta property=\"og:image\" content=\"https:\/\/activi-t.unittechnologies.com\/wp-content\/uploads\/2017\/04\/ACTIVI-T_LOGO.png\" \/>\n\t<meta property=\"og:image:width\" content=\"849\" \/>\n\t<meta property=\"og:image:height\" content=\"256\" \/>\n\t<meta property=\"og:image:type\" content=\"image\/png\" \/>\n<meta name=\"twitter:card\" content=\"summary_large_image\" \/>\n<meta name=\"twitter:label1\" content=\"Dur\u00e9e de lecture estim\u00e9e\" \/>\n\t<meta name=\"twitter:data1\" content=\"1 minute\" \/>\n<script type=\"application\/ld+json\" class=\"yoast-schema-graph\">{\"@context\":\"https:\/\/schema.org\",\"@graph\":[{\"@type\":\"WebPage\",\"@id\":\"https:\/\/activi-t.unittechnologies.com\/fr\/gestion-des-comptes-de-depenses-demployes\",\"url\":\"https:\/\/activi-t.unittechnologies.com\/fr\/gestion-des-comptes-de-depenses-demployes\",\"name\":\"Gestion des comptes de d\u00e9penses d\u2019employ\u00e9s | ACTIVI-T\",\"isPartOf\":{\"@id\":\"https:\/\/activi-t.unittechnologies.com\/#website\"},\"datePublished\":\"2017-05-10T23:11:13+00:00\",\"dateModified\":\"2021-07-15T18:22:15+00:00\",\"description\":\"ACTIVI-T est le logiciel de gestion id\u00e9al pour le suivi de vos travaux, votre facturation et le suivi de vos comptes recevables.\",\"breadcrumb\":{\"@id\":\"https:\/\/activi-t.unittechnologies.com\/fr\/gestion-des-comptes-de-depenses-demployes#breadcrumb\"},\"inLanguage\":\"fr-FR\",\"potentialAction\":[{\"@type\":\"ReadAction\",\"target\":[\"https:\/\/activi-t.unittechnologies.com\/fr\/gestion-des-comptes-de-depenses-demployes\"]}]},{\"@type\":\"BreadcrumbList\",\"@id\":\"https:\/\/activi-t.unittechnologies.com\/fr\/gestion-des-comptes-de-depenses-demployes#breadcrumb\",\"itemListElement\":[{\"@type\":\"ListItem\",\"position\":1,\"name\":\"Accueil\",\"item\":\"https:\/\/activi-t.unittechnologies.com\/fr\"},{\"@type\":\"ListItem\",\"position\":2,\"name\":\"Gestion des comptes de d\u00e9penses d\u2019employ\u00e9s\"}]},{\"@type\":\"WebSite\",\"@id\":\"https:\/\/activi-t.unittechnologies.com\/#website\",\"url\":\"https:\/\/activi-t.unittechnologies.com\/\",\"name\":\"ACTIVI-T\",\"description\":\"\",\"publisher\":{\"@id\":\"https:\/\/activi-t.unittechnologies.com\/#organization\"},\"potentialAction\":[{\"@type\":\"SearchAction\",\"target\":{\"@type\":\"EntryPoint\",\"urlTemplate\":\"https:\/\/activi-t.unittechnologies.com\/?s={search_term_string}\"},\"query-input\":\"required name=search_term_string\"}],\"inLanguage\":\"fr-FR\"},{\"@type\":\"Organization\",\"@id\":\"https:\/\/activi-t.unittechnologies.com\/#organization\",\"name\":\"ACTIVI-T\",\"url\":\"https:\/\/activi-t.unittechnologies.com\/\",\"sameAs\":[],\"logo\":{\"@type\":\"ImageObject\",\"inLanguage\":\"fr-FR\",\"@id\":\"https:\/\/activi-t.unittechnologies.com\/#\/schema\/logo\/image\/\",\"url\":\"https:\/\/activi-t.unittechnologies.com\/wp-content\/uploads\/2017\/04\/ACTIVI-T_LOGO-3.png\",\"contentUrl\":\"https:\/\/activi-t.unittechnologies.com\/wp-content\/uploads\/2017\/04\/ACTIVI-T_LOGO-3.png\",\"width\":849,\"height\":177,\"caption\":\"ACTIVI-T\"},\"image\":{\"@id\":\"https:\/\/activi-t.unittechnologies.com\/#\/schema\/logo\/image\/\"}}]}<\/script>\n<!-- \/ Yoast SEO plugin. -->","yoast_head_json":{"title":"Gestion des comptes de d\u00e9penses d\u2019employ\u00e9s | ACTIVI-T","description":"ACTIVI-T est le logiciel de gestion id\u00e9al pour le suivi de vos travaux, votre facturation et le suivi de vos comptes recevables.","robots":{"index":"index","follow":"follow","max-snippet":"max-snippet:-1","max-image-preview":"max-image-preview:large","max-video-preview":"max-video-preview:-1"},"canonical":"https:\/\/activi-t.unittechnologies.com\/fr\/gestion-des-comptes-de-depenses-demployes","og_locale":"fr_FR","og_type":"article","og_title":"Gestion des comptes de d\u00e9penses d\u2019employ\u00e9s | ACTIVI-T","og_description":"ACTIVI-T est le logiciel de gestion id\u00e9al pour le suivi de vos travaux, votre facturation et le suivi de vos comptes recevables.","og_url":"https:\/\/activi-t.unittechnologies.com\/fr\/gestion-des-comptes-de-depenses-demployes","og_site_name":"ACTIVI-T","article_modified_time":"2021-07-15T18:22:15+00:00","og_image":[{"width":849,"height":256,"url":"https:\/\/activi-t.unittechnologies.com\/wp-content\/uploads\/2017\/04\/ACTIVI-T_LOGO.png","type":"image\/png"}],"twitter_card":"summary_large_image","twitter_misc":{"Dur\u00e9e de lecture estim\u00e9e":"1 minute"},"schema":{"@context":"https:\/\/schema.org","@graph":[{"@type":"WebPage","@id":"https:\/\/activi-t.unittechnologies.com\/fr\/gestion-des-comptes-de-depenses-demployes","url":"https:\/\/activi-t.unittechnologies.com\/fr\/gestion-des-comptes-de-depenses-demployes","name":"Gestion des comptes de d\u00e9penses d\u2019employ\u00e9s | ACTIVI-T","isPartOf":{"@id":"https:\/\/activi-t.unittechnologies.com\/#website"},"datePublished":"2017-05-10T23:11:13+00:00","dateModified":"2021-07-15T18:22:15+00:00","description":"ACTIVI-T est le logiciel de gestion id\u00e9al pour le suivi de vos travaux, votre facturation et le suivi de vos comptes recevables.","breadcrumb":{"@id":"https:\/\/activi-t.unittechnologies.com\/fr\/gestion-des-comptes-de-depenses-demployes#breadcrumb"},"inLanguage":"fr-FR","potentialAction":[{"@type":"ReadAction","target":["https:\/\/activi-t.unittechnologies.com\/fr\/gestion-des-comptes-de-depenses-demployes"]}]},{"@type":"BreadcrumbList","@id":"https:\/\/activi-t.unittechnologies.com\/fr\/gestion-des-comptes-de-depenses-demployes#breadcrumb","itemListElement":[{"@type":"ListItem","position":1,"name":"Accueil","item":"https:\/\/activi-t.unittechnologies.com\/fr"},{"@type":"ListItem","position":2,"name":"Gestion des comptes de d\u00e9penses d\u2019employ\u00e9s"}]},{"@type":"WebSite","@id":"https:\/\/activi-t.unittechnologies.com\/#website","url":"https:\/\/activi-t.unittechnologies.com\/","name":"ACTIVI-T","description":"","publisher":{"@id":"https:\/\/activi-t.unittechnologies.com\/#organization"},"potentialAction":[{"@type":"SearchAction","target":{"@type":"EntryPoint","urlTemplate":"https:\/\/activi-t.unittechnologies.com\/?s={search_term_string}"},"query-input":"required name=search_term_string"}],"inLanguage":"fr-FR"},{"@type":"Organization","@id":"https:\/\/activi-t.unittechnologies.com\/#organization","name":"ACTIVI-T","url":"https:\/\/activi-t.unittechnologies.com\/","sameAs":[],"logo":{"@type":"ImageObject","inLanguage":"fr-FR","@id":"https:\/\/activi-t.unittechnologies.com\/#\/schema\/logo\/image\/","url":"https:\/\/activi-t.unittechnologies.com\/wp-content\/uploads\/2017\/04\/ACTIVI-T_LOGO-3.png","contentUrl":"https:\/\/activi-t.unittechnologies.com\/wp-content\/uploads\/2017\/04\/ACTIVI-T_LOGO-3.png","width":849,"height":177,"caption":"ACTIVI-T"},"image":{"@id":"https:\/\/activi-t.unittechnologies.com\/#\/schema\/logo\/image\/"}}]}},"_links":{"self":[{"href":"https:\/\/activi-t.unittechnologies.com\/fr\/wp-json\/wp\/v2\/pages\/378","targetHints":{"allow":["GET"]}}],"collection":[{"href":"https:\/\/activi-t.unittechnologies.com\/fr\/wp-json\/wp\/v2\/pages"}],"about":[{"href":"https:\/\/activi-t.unittechnologies.com\/fr\/wp-json\/wp\/v2\/types\/page"}],"author":[{"embeddable":true,"href":"https:\/\/activi-t.unittechnologies.com\/fr\/wp-json\/wp\/v2\/users\/1"}],"replies":[{"embeddable":true,"href":"https:\/\/activi-t.unittechnologies.com\/fr\/wp-json\/wp\/v2\/comments?post=378"}],"version-history":[{"count":12,"href":"https:\/\/activi-t.unittechnologies.com\/fr\/wp-json\/wp\/v2\/pages\/378\/revisions"}],"predecessor-version":[{"id":641,"href":"https:\/\/activi-t.unittechnologies.com\/fr\/wp-json\/wp\/v2\/pages\/378\/revisions\/641"}],"wp:attachment":[{"href":"https:\/\/activi-t.unittechnologies.com\/fr\/wp-json\/wp\/v2\/media?parent=378"}],"curies":[{"name":"wp","href":"https:\/\/api.w.org\/{rel}","templated":true}]}}