{"id":210,"date":"2017-04-06T15:40:45","date_gmt":"2017-04-06T15:40:45","guid":{"rendered":"https:\/\/activi-t.unittechnologies.com\/?page_id=210"},"modified":"2025-01-06T16:19:43","modified_gmt":"2025-01-06T16:19:43","slug":"mise-a-jour","status":"publish","type":"page","link":"https:\/\/activi-t.unittechnologies.com\/fr\/mise-a-jour","title":{"rendered":"MISE \u00c0 JOUR"},"content":{"rendered":"[vc_row type=\u00a0\u00bbin_container\u00a0\u00bb full_screen_row_position=\u00a0\u00bbmiddle\u00a0\u00bb scene_position=\u00a0\u00bbcenter\u00a0\u00bb text_color=\u00a0\u00bbdark\u00a0\u00bb text_align=\u00a0\u00bbleft\u00a0\u00bb overlay_strength=\u00a0\u00bb0.3&Prime;][vc_column column_padding=\u00a0\u00bbno-extra-padding\u00a0\u00bb column_padding_position=\u00a0\u00bball\u00a0\u00bb background_color_opacity=\u00a0\u00bb1&Prime; background_hover_color_opacity=\u00a0\u00bb1&Prime; column_shadow=\u00a0\u00bbnone\u00a0\u00bb width=\u00a0\u00bb1\/1&Prime; tablet_text_alignment=\u00a0\u00bbdefault\u00a0\u00bb phone_text_alignment=\u00a0\u00bbdefault\u00a0\u00bb column_border_width=\u00a0\u00bbnone\u00a0\u00bb column_border_style=\u00a0\u00bbsolid\u00a0\u00bb]<div style=\"height: 350px\" data-midnight=\"nectar-slider\" class=\"parallax_slider_outer \"><div style=\"height: 350px\"  data-transition=\"slide\" data-overall_style=\"classic\" data-flexible-height=\"\" data-animate-in-effect=\"none\" data-fullscreen=\"false\" data-button-sizing=\"regular\" data-button-styling=\"btn_with_count\" data-autorotate=\"\" data-parallax=\"true\" data-full-width=\"true\" class=\"nectar-slider-wrap \" id=\"ns-id-69fea1e5543d5\">\r\n\t\t\t<div style=\"height: 350px\" class=\"swiper-container\"  data-tho=\"auto\" data-tco=\"auto\" data-pho=\"auto\" data-pco=\"auto\" data-loop=\"false\" data-height=\"350\" data-min-height=\"\" data-arrows=\"false\" data-bullets=\"false\" data-bullet_style=\"see_through\" data-desktop-swipe=\"false\" data-settings=\"\">\r\n\t\t\t\t    <div class=\"swiper-wrapper\"><div class=\"swiper-slide\" data-bg-alignment=\"center\" data-color-scheme=\"light\" data-x-pos=\"centered\" data-y-pos=\"middle\"> \r\n\t\t\t\t\t\t\t\t<div class=\"image-bg\" style=\"background-image: url(https:\/\/activi-t.unittechnologies.com\/wp-content\/uploads\/2017\/05\/DD17117_HeadBanner_V2.jpg);\"> &nbsp; <\/div><div class=\"video-texture active_texture\"> <span class=\"ie-fix\"><\/span> <\/div><\/div><!--\/swiper-slide--><\/div><div class=\"nectar-slider-loading \"> <span class=\"loading-icon spin\">   <\/span> <\/div> <\/div> \r\n\t\t\t\t\r\n\t\t\t<\/div><\/div>[\/vc_column][\/vc_row][vc_row type=\u00a0\u00bbin_container\u00a0\u00bb full_screen_row_position=\u00a0\u00bbmiddle\u00a0\u00bb scene_position=\u00a0\u00bbcenter\u00a0\u00bb text_color=\u00a0\u00bbdark\u00a0\u00bb text_align=\u00a0\u00bbleft\u00a0\u00bb overlay_strength=\u00a0\u00bb0.3&Prime;][vc_column column_padding=\u00a0\u00bbno-extra-padding\u00a0\u00bb column_padding_position=\u00a0\u00bball\u00a0\u00bb background_color_opacity=\u00a0\u00bb1&Prime; background_hover_color_opacity=\u00a0\u00bb1&Prime; column_shadow=\u00a0\u00bbnone\u00a0\u00bb width=\u00a0\u00bb1\/1&Prime; tablet_text_alignment=\u00a0\u00bbdefault\u00a0\u00bb phone_text_alignment=\u00a0\u00bbdefault\u00a0\u00bb column_border_width=\u00a0\u00bbnone\u00a0\u00bb column_border_style=\u00a0\u00bbsolid\u00a0\u00bb]<div class=\"divider-wrap\"><div style=\"height: 10px;\" class=\"divider\"><\/div><\/div>[\/vc_column][\/vc_row][vc_row type=\u00a0\u00bbin_container\u00a0\u00bb full_screen_row_position=\u00a0\u00bbmiddle\u00a0\u00bb scene_position=\u00a0\u00bbcenter\u00a0\u00bb text_color=\u00a0\u00bbdark\u00a0\u00bb text_align=\u00a0\u00bbleft\u00a0\u00bb overlay_strength=\u00a0\u00bb0.3&Prime;][vc_column column_padding=\u00a0\u00bbno-extra-padding\u00a0\u00bb column_padding_position=\u00a0\u00bball\u00a0\u00bb background_color_opacity=\u00a0\u00bb1&Prime; background_hover_color_opacity=\u00a0\u00bb1&Prime; column_shadow=\u00a0\u00bbnone\u00a0\u00bb width=\u00a0\u00bb1\/1&Prime; tablet_text_alignment=\u00a0\u00bbdefault\u00a0\u00bb phone_text_alignment=\u00a0\u00bbdefault\u00a0\u00bb column_border_width=\u00a0\u00bbnone\u00a0\u00bb column_border_style=\u00a0\u00bbsolid\u00a0\u00bb][vc_column_text]Il est toujours pr\u00e9f\u00e9rable de visiter r\u00e9guli\u00e8rement notre site web de fa\u00e7on \u00e0 vous assurer de toujours utiliser la version la plus r\u00e9cente du logiciel ACTIVI-T. Rappelons que lorsque vous achetez le logiciel ACTIVI-T, vous pouvez t\u00e9l\u00e9charger gratuitement la derni\u00e8re mise \u00e0 jour du logiciel.<\/p>\n<p>Actuellement, la derni\u00e8re mise \u00e0 jour date du 06 janvier 2025 et porte le num\u00e9ro 7.2025.0001<\/p>\n<p>T\u00e9l\u00e9charger la derni\u00e8re mise \u00e0 jour d&rsquo;ACTIVI-T en cliquant sur le lien suivant: <a href=\"https:\/\/www.unittechnologies.com\/Activi-T%20MAJ.zip\">Mise \u00e0 jour ACTIVI-T.<\/a><\/p>\n<p>Une fois le t\u00e9l\u00e9chargement termin\u00e9, il suffit d&rsquo;extraire le fichier contenu dans le fichier compress\u00e9 (.zip) et d&rsquo;ex\u00e9cuter ce fichier dans chacune des stations ayant une installation pr\u00e9sente d&rsquo;ACTIVI-T.[\/vc_column_text][\/vc_column][\/vc_row]\n","protected":false},"excerpt":{"rendered":"<p>[vc_row type=\u00a0\u00bbin_container\u00a0\u00bb full_screen_row_position=\u00a0\u00bbmiddle\u00a0\u00bb scene_position=\u00a0\u00bbcenter\u00a0\u00bb text_color=\u00a0\u00bbdark\u00a0\u00bb text_align=\u00a0\u00bbleft\u00a0\u00bb overlay_strength=\u00a0\u00bb0.3&Prime;][vc_column column_padding=\u00a0\u00bbno-extra-padding\u00a0\u00bb column_padding_position=\u00a0\u00bball\u00a0\u00bb background_color_opacity=\u00a0\u00bb1&Prime; background_hover_color_opacity=\u00a0\u00bb1&Prime; column_shadow=\u00a0\u00bbnone\u00a0\u00bb width=\u00a0\u00bb1\/1&Prime; tablet_text_alignment=\u00a0\u00bbdefault\u00a0\u00bb phone_text_alignment=\u00a0\u00bbdefault\u00a0\u00bb column_border_width=\u00a0\u00bbnone\u00a0\u00bb column_border_style=\u00a0\u00bbsolid\u00a0\u00bb][\/vc_column][\/vc_row][vc_row type=\u00a0\u00bbin_container\u00a0\u00bb full_screen_row_position=\u00a0\u00bbmiddle\u00a0\u00bb scene_position=\u00a0\u00bbcenter\u00a0\u00bb text_color=\u00a0\u00bbdark\u00a0\u00bb text_align=\u00a0\u00bbleft\u00a0\u00bb overlay_strength=\u00a0\u00bb0.3&Prime;][vc_column column_padding=\u00a0\u00bbno-extra-padding\u00a0\u00bb column_padding_position=\u00a0\u00bball\u00a0\u00bb background_color_opacity=\u00a0\u00bb1&Prime; background_hover_color_opacity=\u00a0\u00bb1&Prime; column_shadow=\u00a0\u00bbnone\u00a0\u00bb width=\u00a0\u00bb1\/1&Prime; tablet_text_alignment=\u00a0\u00bbdefault\u00a0\u00bb&#8230;<\/p>\n","protected":false},"author":1,"featured_media":0,"parent":0,"menu_order":0,"comment_status":"closed","ping_status":"closed","template":"","meta":{"footnotes":""},"class_list":["post-210","page","type-page","status-publish","hentry"],"yoast_head":"<!-- This site is optimized with the Yoast SEO plugin v19.5.1 - https:\/\/yoast.com\/wordpress\/plugins\/seo\/ -->\n<title>MISE \u00c0 JOUR | ACTIVI-T<\/title>\n<meta name=\"description\" content=\"ACTIVI-T est le logiciel de gestion id\u00e9al pour le suivi de vos travaux, votre facturation et le suivi de vos comptes recevables.\" \/>\n<meta name=\"robots\" content=\"index, follow, max-snippet:-1, max-image-preview:large, max-video-preview:-1\" \/>\n<link rel=\"canonical\" href=\"https:\/\/activi-t.unittechnologies.com\/fr\/mise-a-jour\" \/>\n<meta property=\"og:locale\" content=\"fr_FR\" \/>\n<meta property=\"og:type\" content=\"article\" \/>\n<meta property=\"og:title\" content=\"MISE \u00c0 JOUR | ACTIVI-T\" \/>\n<meta property=\"og:description\" content=\"ACTIVI-T est le logiciel de gestion id\u00e9al pour le suivi de vos travaux, votre facturation et le suivi de vos comptes recevables.\" \/>\n<meta property=\"og:url\" content=\"https:\/\/activi-t.unittechnologies.com\/fr\/mise-a-jour\" \/>\n<meta property=\"og:site_name\" content=\"ACTIVI-T\" \/>\n<meta property=\"article:modified_time\" content=\"2025-01-06T16:19:43+00:00\" \/>\n<meta property=\"og:image\" content=\"https:\/\/activi-t.unittechnologies.com\/wp-content\/uploads\/2017\/04\/ACTIVI-T_LOGO.png\" \/>\n\t<meta property=\"og:image:width\" content=\"849\" \/>\n\t<meta property=\"og:image:height\" content=\"256\" \/>\n\t<meta property=\"og:image:type\" content=\"image\/png\" \/>\n<meta name=\"twitter:card\" content=\"summary_large_image\" \/>\n<meta name=\"twitter:label1\" content=\"Dur\u00e9e de lecture estim\u00e9e\" \/>\n\t<meta name=\"twitter:data1\" content=\"1 minute\" \/>\n<script type=\"application\/ld+json\" class=\"yoast-schema-graph\">{\"@context\":\"https:\/\/schema.org\",\"@graph\":[{\"@type\":\"WebPage\",\"@id\":\"https:\/\/activi-t.unittechnologies.com\/fr\/mise-a-jour\",\"url\":\"https:\/\/activi-t.unittechnologies.com\/fr\/mise-a-jour\",\"name\":\"MISE \u00c0 JOUR | ACTIVI-T\",\"isPartOf\":{\"@id\":\"https:\/\/activi-t.unittechnologies.com\/#website\"},\"datePublished\":\"2017-04-06T15:40:45+00:00\",\"dateModified\":\"2025-01-06T16:19:43+00:00\",\"description\":\"ACTIVI-T est le logiciel de gestion id\u00e9al pour le suivi de vos travaux, votre facturation et le suivi de vos comptes recevables.\",\"breadcrumb\":{\"@id\":\"https:\/\/activi-t.unittechnologies.com\/fr\/mise-a-jour#breadcrumb\"},\"inLanguage\":\"fr-FR\",\"potentialAction\":[{\"@type\":\"ReadAction\",\"target\":[\"https:\/\/activi-t.unittechnologies.com\/fr\/mise-a-jour\"]}]},{\"@type\":\"BreadcrumbList\",\"@id\":\"https:\/\/activi-t.unittechnologies.com\/fr\/mise-a-jour#breadcrumb\",\"itemListElement\":[{\"@type\":\"ListItem\",\"position\":1,\"name\":\"Accueil\",\"item\":\"https:\/\/activi-t.unittechnologies.com\/fr\"},{\"@type\":\"ListItem\",\"position\":2,\"name\":\"MISE \u00c0 JOUR\"}]},{\"@type\":\"WebSite\",\"@id\":\"https:\/\/activi-t.unittechnologies.com\/#website\",\"url\":\"https:\/\/activi-t.unittechnologies.com\/\",\"name\":\"ACTIVI-T\",\"description\":\"\",\"publisher\":{\"@id\":\"https:\/\/activi-t.unittechnologies.com\/#organization\"},\"potentialAction\":[{\"@type\":\"SearchAction\",\"target\":{\"@type\":\"EntryPoint\",\"urlTemplate\":\"https:\/\/activi-t.unittechnologies.com\/?s={search_term_string}\"},\"query-input\":\"required name=search_term_string\"}],\"inLanguage\":\"fr-FR\"},{\"@type\":\"Organization\",\"@id\":\"https:\/\/activi-t.unittechnologies.com\/#organization\",\"name\":\"ACTIVI-T\",\"url\":\"https:\/\/activi-t.unittechnologies.com\/\",\"sameAs\":[],\"logo\":{\"@type\":\"ImageObject\",\"inLanguage\":\"fr-FR\",\"@id\":\"https:\/\/activi-t.unittechnologies.com\/#\/schema\/logo\/image\/\",\"url\":\"https:\/\/activi-t.unittechnologies.com\/wp-content\/uploads\/2017\/04\/ACTIVI-T_LOGO-3.png\",\"contentUrl\":\"https:\/\/activi-t.unittechnologies.com\/wp-content\/uploads\/2017\/04\/ACTIVI-T_LOGO-3.png\",\"width\":849,\"height\":177,\"caption\":\"ACTIVI-T\"},\"image\":{\"@id\":\"https:\/\/activi-t.unittechnologies.com\/#\/schema\/logo\/image\/\"}}]}<\/script>\n<!-- \/ Yoast SEO plugin. -->","yoast_head_json":{"title":"MISE \u00c0 JOUR | ACTIVI-T","description":"ACTIVI-T est le logiciel de gestion id\u00e9al pour le suivi de vos travaux, votre facturation et le suivi de vos comptes recevables.","robots":{"index":"index","follow":"follow","max-snippet":"max-snippet:-1","max-image-preview":"max-image-preview:large","max-video-preview":"max-video-preview:-1"},"canonical":"https:\/\/activi-t.unittechnologies.com\/fr\/mise-a-jour","og_locale":"fr_FR","og_type":"article","og_title":"MISE \u00c0 JOUR | ACTIVI-T","og_description":"ACTIVI-T est le logiciel de gestion id\u00e9al pour le suivi de vos travaux, votre facturation et le suivi de vos comptes recevables.","og_url":"https:\/\/activi-t.unittechnologies.com\/fr\/mise-a-jour","og_site_name":"ACTIVI-T","article_modified_time":"2025-01-06T16:19:43+00:00","og_image":[{"width":849,"height":256,"url":"https:\/\/activi-t.unittechnologies.com\/wp-content\/uploads\/2017\/04\/ACTIVI-T_LOGO.png","type":"image\/png"}],"twitter_card":"summary_large_image","twitter_misc":{"Dur\u00e9e de lecture estim\u00e9e":"1 minute"},"schema":{"@context":"https:\/\/schema.org","@graph":[{"@type":"WebPage","@id":"https:\/\/activi-t.unittechnologies.com\/fr\/mise-a-jour","url":"https:\/\/activi-t.unittechnologies.com\/fr\/mise-a-jour","name":"MISE \u00c0 JOUR | ACTIVI-T","isPartOf":{"@id":"https:\/\/activi-t.unittechnologies.com\/#website"},"datePublished":"2017-04-06T15:40:45+00:00","dateModified":"2025-01-06T16:19:43+00:00","description":"ACTIVI-T est le logiciel de gestion id\u00e9al pour le suivi de vos travaux, votre facturation et le suivi de vos comptes recevables.","breadcrumb":{"@id":"https:\/\/activi-t.unittechnologies.com\/fr\/mise-a-jour#breadcrumb"},"inLanguage":"fr-FR","potentialAction":[{"@type":"ReadAction","target":["https:\/\/activi-t.unittechnologies.com\/fr\/mise-a-jour"]}]},{"@type":"BreadcrumbList","@id":"https:\/\/activi-t.unittechnologies.com\/fr\/mise-a-jour#breadcrumb","itemListElement":[{"@type":"ListItem","position":1,"name":"Accueil","item":"https:\/\/activi-t.unittechnologies.com\/fr"},{"@type":"ListItem","position":2,"name":"MISE \u00c0 JOUR"}]},{"@type":"WebSite","@id":"https:\/\/activi-t.unittechnologies.com\/#website","url":"https:\/\/activi-t.unittechnologies.com\/","name":"ACTIVI-T","description":"","publisher":{"@id":"https:\/\/activi-t.unittechnologies.com\/#organization"},"potentialAction":[{"@type":"SearchAction","target":{"@type":"EntryPoint","urlTemplate":"https:\/\/activi-t.unittechnologies.com\/?s={search_term_string}"},"query-input":"required name=search_term_string"}],"inLanguage":"fr-FR"},{"@type":"Organization","@id":"https:\/\/activi-t.unittechnologies.com\/#organization","name":"ACTIVI-T","url":"https:\/\/activi-t.unittechnologies.com\/","sameAs":[],"logo":{"@type":"ImageObject","inLanguage":"fr-FR","@id":"https:\/\/activi-t.unittechnologies.com\/#\/schema\/logo\/image\/","url":"https:\/\/activi-t.unittechnologies.com\/wp-content\/uploads\/2017\/04\/ACTIVI-T_LOGO-3.png","contentUrl":"https:\/\/activi-t.unittechnologies.com\/wp-content\/uploads\/2017\/04\/ACTIVI-T_LOGO-3.png","width":849,"height":177,"caption":"ACTIVI-T"},"image":{"@id":"https:\/\/activi-t.unittechnologies.com\/#\/schema\/logo\/image\/"}}]}},"_links":{"self":[{"href":"https:\/\/activi-t.unittechnologies.com\/fr\/wp-json\/wp\/v2\/pages\/210","targetHints":{"allow":["GET"]}}],"collection":[{"href":"https:\/\/activi-t.unittechnologies.com\/fr\/wp-json\/wp\/v2\/pages"}],"about":[{"href":"https:\/\/activi-t.unittechnologies.com\/fr\/wp-json\/wp\/v2\/types\/page"}],"author":[{"embeddable":true,"href":"https:\/\/activi-t.unittechnologies.com\/fr\/wp-json\/wp\/v2\/users\/1"}],"replies":[{"embeddable":true,"href":"https:\/\/activi-t.unittechnologies.com\/fr\/wp-json\/wp\/v2\/comments?post=210"}],"version-history":[{"count":22,"href":"https:\/\/activi-t.unittechnologies.com\/fr\/wp-json\/wp\/v2\/pages\/210\/revisions"}],"predecessor-version":[{"id":668,"href":"https:\/\/activi-t.unittechnologies.com\/fr\/wp-json\/wp\/v2\/pages\/210\/revisions\/668"}],"wp:attachment":[{"href":"https:\/\/activi-t.unittechnologies.com\/fr\/wp-json\/wp\/v2\/media?parent=210"}],"curies":[{"name":"wp","href":"https:\/\/api.w.org\/{rel}","templated":true}]}}