{"id":192,"date":"2017-04-06T14:26:00","date_gmt":"2017-04-06T14:26:00","guid":{"rendered":"https:\/\/activi-t.unittechnologies.com\/?page_id=192"},"modified":"2018-06-08T22:26:18","modified_gmt":"2018-06-08T22:26:18","slug":"caracteristiques","status":"publish","type":"page","link":"https:\/\/activi-t.unittechnologies.com\/fr\/caracteristiques","title":{"rendered":"CARACT\u00c9RISTIQUES"},"content":{"rendered":"[vc_row type=\u00a0\u00bbin_container\u00a0\u00bb full_screen_row_position=\u00a0\u00bbmiddle\u00a0\u00bb scene_position=\u00a0\u00bbcenter\u00a0\u00bb text_color=\u00a0\u00bbdark\u00a0\u00bb text_align=\u00a0\u00bbleft\u00a0\u00bb overlay_strength=\u00a0\u00bb0.3&Prime;][vc_column column_padding=\u00a0\u00bbno-extra-padding\u00a0\u00bb column_padding_position=\u00a0\u00bball\u00a0\u00bb background_color_opacity=\u00a0\u00bb1&Prime; background_hover_color_opacity=\u00a0\u00bb1&Prime; column_shadow=\u00a0\u00bbnone\u00a0\u00bb width=\u00a0\u00bb1\/1&Prime; tablet_text_alignment=\u00a0\u00bbdefault\u00a0\u00bb phone_text_alignment=\u00a0\u00bbdefault\u00a0\u00bb column_border_width=\u00a0\u00bbnone\u00a0\u00bb column_border_style=\u00a0\u00bbsolid\u00a0\u00bb]<div style=\"height: 350px\" data-midnight=\"nectar-slider\" class=\"parallax_slider_outer \"><div style=\"height: 350px\"  data-transition=\"slide\" data-overall_style=\"classic\" data-flexible-height=\"\" data-animate-in-effect=\"none\" data-fullscreen=\"false\" data-button-sizing=\"regular\" data-button-styling=\"btn_with_count\" data-autorotate=\"\" data-parallax=\"true\" data-full-width=\"true\" class=\"nectar-slider-wrap \" id=\"ns-id-6a094fa748674\">\r\n\t\t\t<div style=\"height: 350px\" class=\"swiper-container\"  data-tho=\"auto\" data-tco=\"auto\" data-pho=\"auto\" data-pco=\"auto\" data-loop=\"false\" data-height=\"350\" data-min-height=\"\" data-arrows=\"false\" data-bullets=\"false\" data-bullet_style=\"see_through\" data-desktop-swipe=\"false\" data-settings=\"\">\r\n\t\t\t\t    <div class=\"swiper-wrapper\"><div class=\"swiper-slide\" data-bg-alignment=\"center\" data-color-scheme=\"light\" data-x-pos=\"centered\" data-y-pos=\"middle\"> \r\n\t\t\t\t\t\t\t\t<div class=\"image-bg\" style=\"background-image: url(https:\/\/activi-t.unittechnologies.com\/wp-content\/uploads\/2017\/05\/DD17117_HeadBanner_V2.jpg);\"> &nbsp; <\/div><div class=\"video-texture active_texture\"> <span class=\"ie-fix\"><\/span> <\/div><\/div><!--\/swiper-slide--><\/div><div class=\"nectar-slider-loading \"> <span class=\"loading-icon spin\">   <\/span> <\/div> <\/div> \r\n\t\t\t\t\r\n\t\t\t<\/div><\/div>[\/vc_column][\/vc_row][vc_row type=\u00a0\u00bbin_container\u00a0\u00bb full_screen_row_position=\u00a0\u00bbmiddle\u00a0\u00bb scene_position=\u00a0\u00bbcenter\u00a0\u00bb text_color=\u00a0\u00bbdark\u00a0\u00bb text_align=\u00a0\u00bbleft\u00a0\u00bb overlay_strength=\u00a0\u00bb0.3&Prime;][vc_column column_padding=\u00a0\u00bbno-extra-padding\u00a0\u00bb column_padding_position=\u00a0\u00bball\u00a0\u00bb background_color_opacity=\u00a0\u00bb1&Prime; background_hover_color_opacity=\u00a0\u00bb1&Prime; column_shadow=\u00a0\u00bbnone\u00a0\u00bb width=\u00a0\u00bb1\/1&Prime; tablet_text_alignment=\u00a0\u00bbdefault\u00a0\u00bb phone_text_alignment=\u00a0\u00bbdefault\u00a0\u00bb column_border_width=\u00a0\u00bbnone\u00a0\u00bb column_border_style=\u00a0\u00bbsolid\u00a0\u00bb]<div class=\"divider-wrap\"><div style=\"height: 10px;\" class=\"divider\"><\/div><\/div>[\/vc_column][\/vc_row][vc_row type=\u00a0\u00bbin_container\u00a0\u00bb full_screen_row_position=\u00a0\u00bbmiddle\u00a0\u00bb scene_position=\u00a0\u00bbcenter\u00a0\u00bb text_color=\u00a0\u00bbdark\u00a0\u00bb text_align=\u00a0\u00bbleft\u00a0\u00bb overlay_strength=\u00a0\u00bb0.3&Prime;][vc_column column_padding=\u00a0\u00bbno-extra-padding\u00a0\u00bb column_padding_position=\u00a0\u00bball\u00a0\u00bb background_color_opacity=\u00a0\u00bb1&Prime; background_hover_color_opacity=\u00a0\u00bb1&Prime; column_shadow=\u00a0\u00bbnone\u00a0\u00bb width=\u00a0\u00bb1\/1&Prime; tablet_text_alignment=\u00a0\u00bbdefault\u00a0\u00bb phone_text_alignment=\u00a0\u00bbdefault\u00a0\u00bb column_border_width=\u00a0\u00bbnone\u00a0\u00bb column_border_style=\u00a0\u00bbsolid\u00a0\u00bb][vc_column_text]\n<h1 style=\"text-align: left;\"><span style=\"color: #1384a1;\"><br \/>\nParticularit\u00e9s du logiciel ACTIVI-T<\/span><\/h1>\n[\/vc_column_text]<div class=\"divider-wrap\"><div style=\"height: 20px;\" class=\"divider\"><\/div><\/div>[vc_column_text]ACTIVI-T est le logiciel de gestion id\u00e9al pour le suivi de vos travaux, votre facturation et le suivi de vos comptes recevables. Les multiples rapports d&rsquo;ACTIVI-T vous assureront une saine gestion de vos affaires.<\/p>\n<p>Gr\u00e2ce \u00e0 son module de Gestion documentaire, ACTIVI-T vous permet de regrouper et d&rsquo;acc\u00e9der aux documents \u00e9lectroniques en relation avec vos projets (mandats), et ce, en toute simplicit\u00e9. L&rsquo;int\u00e9gration avec MS WORD et MS Outlook, fait d&rsquo;ACTIVI-T un outil formidable pour la publication des documents et la production des publipostages (courriel ou papier).<\/p>\n<p>Les liens ci-dessous vous pr\u00e9sentent de fa\u00e7on tr\u00e8s sommaire certaines des fonctionnalit\u00e9s du logiciel ACTIVI-T.<\/p>\n<p>Exemples d&rsquo;\u00e9crans:<\/p>\n<ul>\n<li><a href=\"https:\/\/activi-t.unittechnologies.com\/fr\/plusieurs-niveaux-de-gestion\">Plusieurs niveaux de gestion<\/a><\/li>\n<li><a href=\"https:\/\/activi-t.unittechnologies.com\/fr\/saisie-des-temps-et-depenses-en-lot\">Saisie des temps et d\u00e9penses en lot<\/a><\/li>\n<li><a href=\"https:\/\/activi-t.unittechnologies.com\/fr\/saisie-des-temps-par-chronometre\">Saisie des temps par chronom\u00e8tre<\/a><\/li>\n<li><a href=\"https:\/\/activi-t.unittechnologies.com\/fr\/saisie-des-temps-sous-forme-de-calendrier\">Saisie des temps sous forme de calendrier<\/a><\/li>\n<li><a href=\"https:\/\/activi-t.unittechnologies.com\/fr\/gestion-des-comptes-de-depenses-demployes\">Gestion des comptes de d\u00e9penses d&#8217;employ\u00e9s<\/a><\/li>\n<li><a href=\"https:\/\/activi-t.unittechnologies.com\/fr\/approbation-des-temps-et-depenses\">Approbation des temps et d\u00e9penses<\/a><\/li>\n<li><a href=\"https:\/\/activi-t.unittechnologies.com\/fr\/facturation-par-projet-de-facture\">Facturation par projet de facture<\/a><\/li>\n<li><a href=\"https:\/\/activi-t.unittechnologies.com\/fr\/modeles-de-factures-configurables\">Mod\u00e8les de factures configurables<\/a><\/li>\n<li><a href=\"https:\/\/activi-t.unittechnologies.com\/fr\/gestion-des-banques-dheures\">Gestion des banques d&rsquo;heures<\/a><\/li>\n<li><a href=\"https:\/\/activi-t.unittechnologies.com\/fr\/rappel-des-echeances\">Rappel des \u00e9ch\u00e9ances<\/a><\/li>\n<\/ul>\n[\/vc_column_text][\/vc_column][\/vc_row][vc_row type=\u00a0\u00bbin_container\u00a0\u00bb full_screen_row_position=\u00a0\u00bbmiddle\u00a0\u00bb scene_position=\u00a0\u00bbcenter\u00a0\u00bb text_color=\u00a0\u00bbdark\u00a0\u00bb text_align=\u00a0\u00bbleft\u00a0\u00bb overlay_strength=\u00a0\u00bb0.3&Prime;][vc_column column_padding=\u00a0\u00bbno-extra-padding\u00a0\u00bb column_padding_position=\u00a0\u00bball\u00a0\u00bb background_color_opacity=\u00a0\u00bb1&Prime; background_hover_color_opacity=\u00a0\u00bb1&Prime; column_shadow=\u00a0\u00bbnone\u00a0\u00bb width=\u00a0\u00bb1\/1&Prime; tablet_text_alignment=\u00a0\u00bbdefault\u00a0\u00bb phone_text_alignment=\u00a0\u00bbdefault\u00a0\u00bb column_border_width=\u00a0\u00bbnone\u00a0\u00bb column_border_style=\u00a0\u00bbsolid\u00a0\u00bb][vc_column_text]\n<h1 style=\"text-align: left;\"><span style=\"color: #1384a1;\">Et beaucoup plus&#8230;<\/span><\/h1>\n[\/vc_column_text]<div class=\"divider-wrap\"><div style=\"height: 20px;\" class=\"divider\"><\/div><\/div>[vc_column_text]\n<ul>\n<li>Module de saisies en mode horodateur<\/li>\n<li>Suivi budg\u00e9taire<\/li>\n<li>Agenda multiple usagers et collaboratif<\/li>\n<li>Gestion des r\u00e9servations de salles de conf\u00e9rence (ou \u00e9quipements)<\/li>\n<li>Tr\u00e8s grand nombre de rapports<\/li>\n<li>Gestion de documents \u00e9lectroniques par projet (mandat)<\/li>\n<li>Publication de documents (factures et publipostages en format MS Word)<\/li>\n<\/ul>\n[\/vc_column_text][\/vc_column][\/vc_row]\n","protected":false},"excerpt":{"rendered":"<p>[vc_row type=\u00a0\u00bbin_container\u00a0\u00bb full_screen_row_position=\u00a0\u00bbmiddle\u00a0\u00bb scene_position=\u00a0\u00bbcenter\u00a0\u00bb text_color=\u00a0\u00bbdark\u00a0\u00bb text_align=\u00a0\u00bbleft\u00a0\u00bb overlay_strength=\u00a0\u00bb0.3&Prime;][vc_column column_padding=\u00a0\u00bbno-extra-padding\u00a0\u00bb column_padding_position=\u00a0\u00bball\u00a0\u00bb background_color_opacity=\u00a0\u00bb1&Prime; background_hover_color_opacity=\u00a0\u00bb1&Prime; column_shadow=\u00a0\u00bbnone\u00a0\u00bb width=\u00a0\u00bb1\/1&Prime; tablet_text_alignment=\u00a0\u00bbdefault\u00a0\u00bb phone_text_alignment=\u00a0\u00bbdefault\u00a0\u00bb column_border_width=\u00a0\u00bbnone\u00a0\u00bb column_border_style=\u00a0\u00bbsolid\u00a0\u00bb][\/vc_column][\/vc_row][vc_row type=\u00a0\u00bbin_container\u00a0\u00bb full_screen_row_position=\u00a0\u00bbmiddle\u00a0\u00bb scene_position=\u00a0\u00bbcenter\u00a0\u00bb text_color=\u00a0\u00bbdark\u00a0\u00bb text_align=\u00a0\u00bbleft\u00a0\u00bb overlay_strength=\u00a0\u00bb0.3&Prime;][vc_column column_padding=\u00a0\u00bbno-extra-padding\u00a0\u00bb column_padding_position=\u00a0\u00bball\u00a0\u00bb background_color_opacity=\u00a0\u00bb1&Prime; background_hover_color_opacity=\u00a0\u00bb1&Prime; column_shadow=\u00a0\u00bbnone\u00a0\u00bb width=\u00a0\u00bb1\/1&Prime; tablet_text_alignment=\u00a0\u00bbdefault\u00a0\u00bb&#8230;<\/p>\n","protected":false},"author":1,"featured_media":0,"parent":0,"menu_order":0,"comment_status":"closed","ping_status":"closed","template":"","meta":{"footnotes":""},"class_list":["post-192","page","type-page","status-publish","hentry"],"yoast_head":"<!-- This site is optimized with the Yoast SEO plugin v19.5.1 - https:\/\/yoast.com\/wordpress\/plugins\/seo\/ -->\n<title>CARACT\u00c9RISTIQUES | ACTIVI-T<\/title>\n<meta name=\"description\" content=\"ACTIVI-T est le logiciel de gestion id\u00e9al pour le suivi de vos travaux, votre facturation et le suivi de vos comptes recevables.\" \/>\n<meta name=\"robots\" content=\"index, follow, max-snippet:-1, max-image-preview:large, max-video-preview:-1\" \/>\n<link rel=\"canonical\" href=\"https:\/\/activi-t.unittechnologies.com\/fr\/caracteristiques\" \/>\n<meta property=\"og:locale\" content=\"fr_FR\" \/>\n<meta property=\"og:type\" content=\"article\" \/>\n<meta property=\"og:title\" content=\"CARACT\u00c9RISTIQUES | ACTIVI-T\" \/>\n<meta property=\"og:description\" content=\"ACTIVI-T est le logiciel de gestion id\u00e9al pour le suivi de vos travaux, votre facturation et le suivi de vos comptes recevables.\" \/>\n<meta property=\"og:url\" content=\"https:\/\/activi-t.unittechnologies.com\/fr\/caracteristiques\" \/>\n<meta property=\"og:site_name\" content=\"ACTIVI-T\" \/>\n<meta property=\"article:modified_time\" content=\"2018-06-08T22:26:18+00:00\" \/>\n<meta property=\"og:image\" content=\"https:\/\/activi-t.unittechnologies.com\/wp-content\/uploads\/2017\/04\/ACTIVI-T_LOGO.png\" \/>\n\t<meta property=\"og:image:width\" content=\"849\" \/>\n\t<meta property=\"og:image:height\" content=\"256\" \/>\n\t<meta property=\"og:image:type\" content=\"image\/png\" \/>\n<meta name=\"twitter:card\" content=\"summary_large_image\" \/>\n<meta name=\"twitter:label1\" content=\"Dur\u00e9e de lecture estim\u00e9e\" \/>\n\t<meta name=\"twitter:data1\" content=\"3 minutes\" \/>\n<script type=\"application\/ld+json\" class=\"yoast-schema-graph\">{\"@context\":\"https:\/\/schema.org\",\"@graph\":[{\"@type\":\"WebPage\",\"@id\":\"https:\/\/activi-t.unittechnologies.com\/fr\/caracteristiques\",\"url\":\"https:\/\/activi-t.unittechnologies.com\/fr\/caracteristiques\",\"name\":\"CARACT\u00c9RISTIQUES | ACTIVI-T\",\"isPartOf\":{\"@id\":\"https:\/\/activi-t.unittechnologies.com\/#website\"},\"datePublished\":\"2017-04-06T14:26:00+00:00\",\"dateModified\":\"2018-06-08T22:26:18+00:00\",\"description\":\"ACTIVI-T est le logiciel de gestion id\u00e9al pour le suivi de vos travaux, votre facturation et le suivi de vos comptes recevables.\",\"breadcrumb\":{\"@id\":\"https:\/\/activi-t.unittechnologies.com\/fr\/caracteristiques#breadcrumb\"},\"inLanguage\":\"fr-FR\",\"potentialAction\":[{\"@type\":\"ReadAction\",\"target\":[\"https:\/\/activi-t.unittechnologies.com\/fr\/caracteristiques\"]}]},{\"@type\":\"BreadcrumbList\",\"@id\":\"https:\/\/activi-t.unittechnologies.com\/fr\/caracteristiques#breadcrumb\",\"itemListElement\":[{\"@type\":\"ListItem\",\"position\":1,\"name\":\"Accueil\",\"item\":\"https:\/\/activi-t.unittechnologies.com\/fr\"},{\"@type\":\"ListItem\",\"position\":2,\"name\":\"CARACT\u00c9RISTIQUES\"}]},{\"@type\":\"WebSite\",\"@id\":\"https:\/\/activi-t.unittechnologies.com\/#website\",\"url\":\"https:\/\/activi-t.unittechnologies.com\/\",\"name\":\"ACTIVI-T\",\"description\":\"\",\"publisher\":{\"@id\":\"https:\/\/activi-t.unittechnologies.com\/#organization\"},\"potentialAction\":[{\"@type\":\"SearchAction\",\"target\":{\"@type\":\"EntryPoint\",\"urlTemplate\":\"https:\/\/activi-t.unittechnologies.com\/?s={search_term_string}\"},\"query-input\":\"required name=search_term_string\"}],\"inLanguage\":\"fr-FR\"},{\"@type\":\"Organization\",\"@id\":\"https:\/\/activi-t.unittechnologies.com\/#organization\",\"name\":\"ACTIVI-T\",\"url\":\"https:\/\/activi-t.unittechnologies.com\/\",\"sameAs\":[],\"logo\":{\"@type\":\"ImageObject\",\"inLanguage\":\"fr-FR\",\"@id\":\"https:\/\/activi-t.unittechnologies.com\/#\/schema\/logo\/image\/\",\"url\":\"https:\/\/activi-t.unittechnologies.com\/wp-content\/uploads\/2017\/04\/ACTIVI-T_LOGO-3.png\",\"contentUrl\":\"https:\/\/activi-t.unittechnologies.com\/wp-content\/uploads\/2017\/04\/ACTIVI-T_LOGO-3.png\",\"width\":849,\"height\":177,\"caption\":\"ACTIVI-T\"},\"image\":{\"@id\":\"https:\/\/activi-t.unittechnologies.com\/#\/schema\/logo\/image\/\"}}]}<\/script>\n<!-- \/ Yoast SEO plugin. -->","yoast_head_json":{"title":"CARACT\u00c9RISTIQUES | ACTIVI-T","description":"ACTIVI-T est le logiciel de gestion id\u00e9al pour le suivi de vos travaux, votre facturation et le suivi de vos comptes recevables.","robots":{"index":"index","follow":"follow","max-snippet":"max-snippet:-1","max-image-preview":"max-image-preview:large","max-video-preview":"max-video-preview:-1"},"canonical":"https:\/\/activi-t.unittechnologies.com\/fr\/caracteristiques","og_locale":"fr_FR","og_type":"article","og_title":"CARACT\u00c9RISTIQUES | ACTIVI-T","og_description":"ACTIVI-T est le logiciel de gestion id\u00e9al pour le suivi de vos travaux, votre facturation et le suivi de vos comptes recevables.","og_url":"https:\/\/activi-t.unittechnologies.com\/fr\/caracteristiques","og_site_name":"ACTIVI-T","article_modified_time":"2018-06-08T22:26:18+00:00","og_image":[{"width":849,"height":256,"url":"https:\/\/activi-t.unittechnologies.com\/wp-content\/uploads\/2017\/04\/ACTIVI-T_LOGO.png","type":"image\/png"}],"twitter_card":"summary_large_image","twitter_misc":{"Dur\u00e9e de lecture estim\u00e9e":"3 minutes"},"schema":{"@context":"https:\/\/schema.org","@graph":[{"@type":"WebPage","@id":"https:\/\/activi-t.unittechnologies.com\/fr\/caracteristiques","url":"https:\/\/activi-t.unittechnologies.com\/fr\/caracteristiques","name":"CARACT\u00c9RISTIQUES | ACTIVI-T","isPartOf":{"@id":"https:\/\/activi-t.unittechnologies.com\/#website"},"datePublished":"2017-04-06T14:26:00+00:00","dateModified":"2018-06-08T22:26:18+00:00","description":"ACTIVI-T est le logiciel de gestion id\u00e9al pour le suivi de vos travaux, votre facturation et le suivi de vos comptes recevables.","breadcrumb":{"@id":"https:\/\/activi-t.unittechnologies.com\/fr\/caracteristiques#breadcrumb"},"inLanguage":"fr-FR","potentialAction":[{"@type":"ReadAction","target":["https:\/\/activi-t.unittechnologies.com\/fr\/caracteristiques"]}]},{"@type":"BreadcrumbList","@id":"https:\/\/activi-t.unittechnologies.com\/fr\/caracteristiques#breadcrumb","itemListElement":[{"@type":"ListItem","position":1,"name":"Accueil","item":"https:\/\/activi-t.unittechnologies.com\/fr"},{"@type":"ListItem","position":2,"name":"CARACT\u00c9RISTIQUES"}]},{"@type":"WebSite","@id":"https:\/\/activi-t.unittechnologies.com\/#website","url":"https:\/\/activi-t.unittechnologies.com\/","name":"ACTIVI-T","description":"","publisher":{"@id":"https:\/\/activi-t.unittechnologies.com\/#organization"},"potentialAction":[{"@type":"SearchAction","target":{"@type":"EntryPoint","urlTemplate":"https:\/\/activi-t.unittechnologies.com\/?s={search_term_string}"},"query-input":"required name=search_term_string"}],"inLanguage":"fr-FR"},{"@type":"Organization","@id":"https:\/\/activi-t.unittechnologies.com\/#organization","name":"ACTIVI-T","url":"https:\/\/activi-t.unittechnologies.com\/","sameAs":[],"logo":{"@type":"ImageObject","inLanguage":"fr-FR","@id":"https:\/\/activi-t.unittechnologies.com\/#\/schema\/logo\/image\/","url":"https:\/\/activi-t.unittechnologies.com\/wp-content\/uploads\/2017\/04\/ACTIVI-T_LOGO-3.png","contentUrl":"https:\/\/activi-t.unittechnologies.com\/wp-content\/uploads\/2017\/04\/ACTIVI-T_LOGO-3.png","width":849,"height":177,"caption":"ACTIVI-T"},"image":{"@id":"https:\/\/activi-t.unittechnologies.com\/#\/schema\/logo\/image\/"}}]}},"_links":{"self":[{"href":"https:\/\/activi-t.unittechnologies.com\/fr\/wp-json\/wp\/v2\/pages\/192","targetHints":{"allow":["GET"]}}],"collection":[{"href":"https:\/\/activi-t.unittechnologies.com\/fr\/wp-json\/wp\/v2\/pages"}],"about":[{"href":"https:\/\/activi-t.unittechnologies.com\/fr\/wp-json\/wp\/v2\/types\/page"}],"author":[{"embeddable":true,"href":"https:\/\/activi-t.unittechnologies.com\/fr\/wp-json\/wp\/v2\/users\/1"}],"replies":[{"embeddable":true,"href":"https:\/\/activi-t.unittechnologies.com\/fr\/wp-json\/wp\/v2\/comments?post=192"}],"version-history":[{"count":12,"href":"https:\/\/activi-t.unittechnologies.com\/fr\/wp-json\/wp\/v2\/pages\/192\/revisions"}],"predecessor-version":[{"id":535,"href":"https:\/\/activi-t.unittechnologies.com\/fr\/wp-json\/wp\/v2\/pages\/192\/revisions\/535"}],"wp:attachment":[{"href":"https:\/\/activi-t.unittechnologies.com\/fr\/wp-json\/wp\/v2\/media?parent=192"}],"curies":[{"name":"wp","href":"https:\/\/api.w.org\/{rel}","templated":true}]}}